{"id":55,"date":"2009-10-09T14:28:07","date_gmt":"2009-10-09T12:28:07","guid":{"rendered":"http:\/\/localhost\/lib_consulting\/cpfp\/?page_id=55&#038;lang=fr"},"modified":"2015-07-30T18:58:37","modified_gmt":"2015-07-30T16:58:37","slug":"slide-1","status":"publish","type":"page","link":"https:\/\/cpfp-mbour.com\/","title":{"rendered":"Accueil"},"content":{"rendered":"<p style=\"text-align: justify;\"><em>Bienvenue au <strong>C<\/strong>omplexe <strong>P<\/strong>riv\u00e9 de <strong>F<\/strong>ormation <strong>P<\/strong>rofessionnelle<\/em><\/p>\n<p style=\"text-align: justify;\"><em>Le Complexe Priv\u00e9 de Formation Professionnelle, est une \u00e9cole sp\u00e9cialis\u00e9e dans l\u2019accompagnement et la formation professionnelle. Fort de la diversit\u00e9 des comp\u00e9tences de ses formateurs, le <strong>C-P-F-P<\/strong> r\u00e9pond de mani\u00e8re sp\u00e9cifique \u00e0 votre probl\u00e9matique. La formation professionnelle suppose des qualit\u00e9s d\u2019ordre, de m\u00e9thode et un sens aigu de l\u2019initiative et de la personnalit\u00e9. Le but de notre \u00e9tablissement est de susciter chez chaque \u00e9tudiant la volont\u00e9 de d\u00e9velopper les potentialit\u00e9s qu\u2019il renferme en fonction de ses exigences et compte tenu de son temp\u00e9rament, de sa personnalit\u00e9. <\/em><\/p>\n<p style=\"text-align: justify;\">ngg_shortcode_0_placeholder<\/p>\n","protected":false},"excerpt":{"rendered":"<p>Bienvenue au Complexe Priv\u00e9 de Formation Professionnelle Le Complexe Priv\u00e9 de Formation Professionnelle, est une \u00e9cole sp\u00e9cialis\u00e9e dans l\u2019accompagnement et la formation professionnelle. Fort de la diversit\u00e9 des comp\u00e9tences de ses formateurs, le C-P-F-P r\u00e9pond de mani\u00e8re sp\u00e9cifique \u00e0 votre probl\u00e9matique. La formation professionnelle suppose des qualit\u00e9s d\u2019ordre, de m\u00e9thode et un sens aigu de [&hellip;]<\/p>\n","protected":false},"author":1,"featured_media":0,"parent":0,"menu_order":0,"comment_status":"closed","ping_status":"closed","template":"","meta":{"ngg_post_thumbnail":0,"footnotes":""},"class_list":["post-55","page","type-page","status-publish","hentry"],"_links":{"self":[{"href":"https:\/\/cpfp-mbour.com\/index.php?rest_route=\/wp\/v2\/pages\/55","targetHints":{"allow":["GET"]}}],"collection":[{"href":"https:\/\/cpfp-mbour.com\/index.php?rest_route=\/wp\/v2\/pages"}],"about":[{"href":"https:\/\/cpfp-mbour.com\/index.php?rest_route=\/wp\/v2\/types\/page"}],"author":[{"embeddable":true,"href":"https:\/\/cpfp-mbour.com\/index.php?rest_route=\/wp\/v2\/users\/1"}],"replies":[{"embeddable":true,"href":"https:\/\/cpfp-mbour.com\/index.php?rest_route=%2Fwp%2Fv2%2Fcomments&post=55"}],"version-history":[{"count":14,"href":"https:\/\/cpfp-mbour.com\/index.php?rest_route=\/wp\/v2\/pages\/55\/revisions"}],"predecessor-version":[{"id":434,"href":"https:\/\/cpfp-mbour.com\/index.php?rest_route=\/wp\/v2\/pages\/55\/revisions\/434"}],"wp:attachment":[{"href":"https:\/\/cpfp-mbour.com\/index.php?rest_route=%2Fwp%2Fv2%2Fmedia&parent=55"}],"curies":[{"name":"wp","href":"https:\/\/api.w.org\/{rel}","templated":true}]}}